{"id":592,"date":"2022-09-29T10:54:26","date_gmt":"2022-09-29T13:54:26","guid":{"rendered":"https:\/\/tocantinsfardas.com.br\/?post_type=product&#038;p=592"},"modified":"2026-03-12T17:02:58","modified_gmt":"2026-03-12T20:02:58","slug":"fardamento-completo-do-colegio-militar","status":"publish","type":"product","link":"https:\/\/tocantinsfardas.com.br\/?product=fardamento-completo-do-colegio-militar","title":{"rendered":"FARDAMENTO COMPLETO DO COL\u00c9GIO MILITAR FEMININO."},"content":{"rendered":"","protected":false},"excerpt":{"rendered":"<p>ESPECIFICA\u00c7\u00c3O DOS PRODUTOS:<br \/>\nFardamento completo feminino do col\u00e9gio militar.<\/p>\n<p>PRODUTOS:<br \/>\n-1 Camisa social na cor cinza;<br \/>\n-1 Cal\u00e7a social garbadine preta;<br \/>\n-1 Camiseta de malha na cor cinza;<br \/>\n-1 Cinto de naylon na cor cinza, com ponteira e fivela met\u00e1lica;<br \/>\n-1 Meia branca;<br \/>\n-1 Sapato social picadilly;<br \/>\n-1 Bibico;<br \/>\n-1 Tarjeta(Confirmar o nome)<br \/>\n-1 Luva de ombro;<br \/>\n-1 Rede;<\/p>\n<p>ATEN\u00c7\u00c3O:<\/p>\n<p>-Valor referente ao kit completo;<br \/>\n-Estamos a disposi\u00e7\u00e3o para esclarecer mais informa\u00e7\u00f5es.<\/p>\n","protected":false},"featured_media":625,"comment_status":"open","ping_status":"closed","template":"","meta":[],"product_cat":[33,50,31,51,44,36,29,32,52,48,41,37,23,27],"product_tag":[],"_links":{"self":[{"href":"https:\/\/tocantinsfardas.com.br\/index.php?rest_route=\/wp\/v2\/product\/592"}],"collection":[{"href":"https:\/\/tocantinsfardas.com.br\/index.php?rest_route=\/wp\/v2\/product"}],"about":[{"href":"https:\/\/tocantinsfardas.com.br\/index.php?rest_route=\/wp\/v2\/types\/product"}],"replies":[{"embeddable":true,"href":"https:\/\/tocantinsfardas.com.br\/index.php?rest_route=%2Fwp%2Fv2%2Fcomments&post=592"}],"wp:featuredmedia":[{"embeddable":true,"href":"https:\/\/tocantinsfardas.com.br\/index.php?rest_route=\/wp\/v2\/media\/625"}],"wp:attachment":[{"href":"https:\/\/tocantinsfardas.com.br\/index.php?rest_route=%2Fwp%2Fv2%2Fmedia&parent=592"}],"wp:term":[{"taxonomy":"product_cat","embeddable":true,"href":"https:\/\/tocantinsfardas.com.br\/index.php?rest_route=%2Fwp%2Fv2%2Fproduct_cat&post=592"},{"taxonomy":"product_tag","embeddable":true,"href":"https:\/\/tocantinsfardas.com.br\/index.php?rest_route=%2Fwp%2Fv2%2Fproduct_tag&post=592"}],"curies":[{"name":"wp","href":"https:\/\/api.w.org\/{rel}","templated":true}]}}