{"id":433,"date":"2021-10-30T19:04:46","date_gmt":"2021-10-30T22:04:46","guid":{"rendered":"https:\/\/tocantinsfardas.com.br\/?product=camiseta"},"modified":"2025-10-31T10:30:39","modified_gmt":"2025-10-31T13:30:39","slug":"camiseta","status":"publish","type":"product","link":"https:\/\/tocantinsfardas.com.br\/?product=camiseta","title":{"rendered":"Camiseta"},"content":{"rendered":"<p>PRODUTO CONFECCIONADO EM MALHA ANTI PILLING QUE POSSUI TRATAMENTO CONTRA AS INDESEJADAS BOLINHAS E\u00a0POSSUI TAMB\u00c9M TRATAMENTO ANTIBACTERIANO, EVITANDO ODORES APARENTES NA MAIORIA DAS MALHAS DE BAIXA QUALIDADE.<\/p>\n<p>ESSA MALHA TAMB\u00c9M POSSUI FATOR DE PROTE\u00c7\u00c3O SOLAR UV30+.<\/p>\n<p>A MALHA \u00c9 COMPOSTA DE 67% DE FIOS DE POLI\u00c9STER E 33% DE VISCOSE E PRODUZIDO NO FIO 30.<\/p>\n<p>UMA DAS MAIORES VANTAGENS DESSA MALHA APONTADAS POR SEUS USU\u00c1RIOS \u00c9 O FATOR DE SEREM MAIS AGRAD\u00c1VEIS AO CLIMA FRIO E N\u00c3O SER NECESS\u00c1RIO PASS\u00c1-LAS AP\u00d3S A LAVAGEM.<\/p>\n<p><em><strong>ESPECIFICA\u00c7\u00d5ES:<\/strong><\/em><\/p>\n<p>\u2013 Gola redonda na cor preta, com 2cm de espessura fabricada com ribana canelada\u00a0de tal forma a cobrir toda a \u00e1rea da cintura escapular.<\/p>\n<p>\u2013 Vi\u00e9s adidas nos ombros<\/p>\n<p>\u2013 Punho preto acima dos cotovelos com 1,5cm de espessura fabricada com ribana\u00a0canelada.<\/p>\n<p>\u2013 Impress\u00e3o do bras\u00e3o com tinta serigr\u00e1fica com base de emuls\u00e3o acr\u00edlica com \u00f3tima\u00a0ancoragem<\/p>\n<p>\u2013 Frente: bras\u00e3o do CPMTO na linha do t\u00f3rax do lado direito, com linha de escrita\u00a0abaixo, com espessura de 1cm, com os dizeres \u201cPMTO\/SEDUC\u201d. Do lado esquerdo\u00a0temos bordado na cor preta a identifica\u00e7\u00e3o do aluno, a ins\u00edgnia de sua s\u00e9rie, o nome\u00a0de guerra e o tipo sangu\u00edneo, com identifica\u00e7\u00e3o da unidade que estuda abaixo, todas\u00a0as letras mai\u00fasculas, padr\u00e3o arial de 1,0 cm de altura.<\/p>\n","protected":false},"excerpt":{"rendered":"<p>PRODUTO CONFECCIONADO EM MALHA ANTI PILLING QUE POSSUI TRATAMENTO CONTRA AS INDESEJADAS BOLINHAS E\u00a0POSSUI TAMB\u00c9M TRATAMENTO ANTIBACTERIANO, EVITANDO ODORES APARENTES&hellip;<\/p>\n","protected":false},"featured_media":549,"comment_status":"open","ping_status":"closed","template":"","meta":[],"product_cat":[33,51,36,29,23,27,24],"product_tag":[],"_links":{"self":[{"href":"https:\/\/tocantinsfardas.com.br\/index.php?rest_route=\/wp\/v2\/product\/433"}],"collection":[{"href":"https:\/\/tocantinsfardas.com.br\/index.php?rest_route=\/wp\/v2\/product"}],"about":[{"href":"https:\/\/tocantinsfardas.com.br\/index.php?rest_route=\/wp\/v2\/types\/product"}],"replies":[{"embeddable":true,"href":"https:\/\/tocantinsfardas.com.br\/index.php?rest_route=%2Fwp%2Fv2%2Fcomments&post=433"}],"wp:featuredmedia":[{"embeddable":true,"href":"https:\/\/tocantinsfardas.com.br\/index.php?rest_route=\/wp\/v2\/media\/549"}],"wp:attachment":[{"href":"https:\/\/tocantinsfardas.com.br\/index.php?rest_route=%2Fwp%2Fv2%2Fmedia&parent=433"}],"wp:term":[{"taxonomy":"product_cat","embeddable":true,"href":"https:\/\/tocantinsfardas.com.br\/index.php?rest_route=%2Fwp%2Fv2%2Fproduct_cat&post=433"},{"taxonomy":"product_tag","embeddable":true,"href":"https:\/\/tocantinsfardas.com.br\/index.php?rest_route=%2Fwp%2Fv2%2Fproduct_tag&post=433"}],"curies":[{"name":"wp","href":"https:\/\/api.w.org\/{rel}","templated":true}]}}