{"id":432,"date":"2021-10-30T19:04:45","date_gmt":"2021-10-30T22:04:45","guid":{"rendered":"https:\/\/tocantinsfardas.com.br\/?product=camisa-social"},"modified":"2023-01-20T09:38:34","modified_gmt":"2023-01-20T12:38:34","slug":"camisa-social","status":"publish","type":"product","link":"https:\/\/tocantinsfardas.com.br\/?product=camisa-social","title":{"rendered":"Camisa Social"},"content":{"rendered":"<p>Camisa Feminina de uso exclusivo de alunos do Col\u00e9gio Militar do Tocantins.<\/p>\n<p>Confeccionada com tecido Sitel conforme exige o regulamento de uniformes do Col\u00e9gio Militar.<\/p>\n<ul>\n<li>Possui dois bolsos frontais.<\/li>\n<li>Travetes em pontos estrat\u00e9gicos que refor\u00e7am o produto proporcionando muita durabilidade.<\/li>\n<li>Lapela nos ombros para colocar as Luvas.<\/li>\n<li>Bandeiras e Bras\u00f5es em bordado de alta defini\u00e7\u00e3o.<\/li>\n<\/ul>\n","protected":false},"excerpt":{"rendered":"<p>Camisa Feminina de uso exclusivo de alunos do Col\u00e9gio Militar do Tocantins. Confeccionada com tecido Sitel conforme exige o regulamento&hellip;<\/p>\n","protected":false},"featured_media":560,"comment_status":"open","ping_status":"closed","template":"","meta":[],"product_cat":[51,36,29,23,27,24],"product_tag":[],"_links":{"self":[{"href":"https:\/\/tocantinsfardas.com.br\/index.php?rest_route=\/wp\/v2\/product\/432"}],"collection":[{"href":"https:\/\/tocantinsfardas.com.br\/index.php?rest_route=\/wp\/v2\/product"}],"about":[{"href":"https:\/\/tocantinsfardas.com.br\/index.php?rest_route=\/wp\/v2\/types\/product"}],"replies":[{"embeddable":true,"href":"https:\/\/tocantinsfardas.com.br\/index.php?rest_route=%2Fwp%2Fv2%2Fcomments&post=432"}],"wp:featuredmedia":[{"embeddable":true,"href":"https:\/\/tocantinsfardas.com.br\/index.php?rest_route=\/wp\/v2\/media\/560"}],"wp:attachment":[{"href":"https:\/\/tocantinsfardas.com.br\/index.php?rest_route=%2Fwp%2Fv2%2Fmedia&parent=432"}],"wp:term":[{"taxonomy":"product_cat","embeddable":true,"href":"https:\/\/tocantinsfardas.com.br\/index.php?rest_route=%2Fwp%2Fv2%2Fproduct_cat&post=432"},{"taxonomy":"product_tag","embeddable":true,"href":"https:\/\/tocantinsfardas.com.br\/index.php?rest_route=%2Fwp%2Fv2%2Fproduct_tag&post=432"}],"curies":[{"name":"wp","href":"https:\/\/api.w.org\/{rel}","templated":true}]}}