{"id":431,"date":"2021-10-30T19:04:45","date_gmt":"2021-10-30T22:04:45","guid":{"rendered":"https:\/\/tocantinsfardas.com.br\/?product=tenis-preto"},"modified":"2023-01-20T10:44:47","modified_gmt":"2023-01-20T13:44:47","slug":"tenis-preto","status":"publish","type":"product","link":"https:\/\/tocantinsfardas.com.br\/?product=tenis-preto","title":{"rendered":"T\u00eanis Preto"},"content":{"rendered":"<p>T\u00eanis todo preto<\/p>\n<p>Padr\u00e3o Militar.<\/p>\n<p>Confort\u00e1vel<\/p>\n","protected":false},"excerpt":{"rendered":"<p>T\u00eanis todo preto Padr\u00e3o Militar. Confort\u00e1vel<\/p>\n","protected":false},"featured_media":457,"comment_status":"open","ping_status":"closed","template":"","meta":[],"product_cat":[33,31,49],"product_tag":[],"_links":{"self":[{"href":"https:\/\/tocantinsfardas.com.br\/index.php?rest_route=\/wp\/v2\/product\/431"}],"collection":[{"href":"https:\/\/tocantinsfardas.com.br\/index.php?rest_route=\/wp\/v2\/product"}],"about":[{"href":"https:\/\/tocantinsfardas.com.br\/index.php?rest_route=\/wp\/v2\/types\/product"}],"replies":[{"embeddable":true,"href":"https:\/\/tocantinsfardas.com.br\/index.php?rest_route=%2Fwp%2Fv2%2Fcomments&post=431"}],"wp:featuredmedia":[{"embeddable":true,"href":"https:\/\/tocantinsfardas.com.br\/index.php?rest_route=\/wp\/v2\/media\/457"}],"wp:attachment":[{"href":"https:\/\/tocantinsfardas.com.br\/index.php?rest_route=%2Fwp%2Fv2%2Fmedia&parent=431"}],"wp:term":[{"taxonomy":"product_cat","embeddable":true,"href":"https:\/\/tocantinsfardas.com.br\/index.php?rest_route=%2Fwp%2Fv2%2Fproduct_cat&post=431"},{"taxonomy":"product_tag","embeddable":true,"href":"https:\/\/tocantinsfardas.com.br\/index.php?rest_route=%2Fwp%2Fv2%2Fproduct_tag&post=431"}],"curies":[{"name":"wp","href":"https:\/\/api.w.org\/{rel}","templated":true}]}}